{"id":741,"date":"2016-11-18T21:11:09","date_gmt":"2016-11-18T21:11:09","guid":{"rendered":"http:\/\/highgradelab.com\/work\/layout8\/?page_id=741"},"modified":"2017-02-23T13:35:07","modified_gmt":"2017-02-23T12:35:07","slug":"produits-solutions","status":"publish","type":"page","link":"https:\/\/al-rock.fr\/index.php\/produits-solutions\/","title":{"rendered":"Produits &#038; Solutions"},"content":{"rendered":"<p>[vc_row gap=\u00a0\u00bb35&Prime; content_placement=\u00a0\u00bbmiddle\u00a0\u00bb css=\u00a0\u00bb.vc_custom_1479516504115{padding-top: 100px !important;padding-bottom: 65px !important;}\u00a0\u00bb][vc_column css_animation=\u00a0\u00bbleft-to-right\u00a0\u00bb width=\u00a0\u00bb1\/3&Prime;][vc_row_inner][vc_column_inner css=\u00a0\u00bb.vc_custom_1479508910256{padding-right: 57px !important;padding-left: 57px !important;}\u00a0\u00bb][vc_single_image image=\u00a0\u00bb3448&Prime;][\/vc_column_inner][\/vc_row_inner][vc_column_text css_animation=\u00a0\u00bbleft-to-right\u00a0\u00bb css=\u00a0\u00bb.vc_custom_1486475072535{margin-top: 25px !important;}\u00a0\u00bb]<\/p>\n<h4 style=\"text-align: center;\">Murs Gravitaires<\/h4>\n<h4 style=\"text-align: center;\">By Redi-Rock<\/h4>\n<p>[\/vc_column_text][vc_column_text css_animation=\u00a0\u00bbleft-to-right\u00a0\u00bb css=\u00a0\u00bb.vc_custom_1486652349678{margin-top: -30px !important;}\u00a0\u00bb]<\/p>\n<p style=\"text-align: center;\">Les blocs immenses d\u00e9pendent compl\u00e8tement de la taille et du poids d&rsquo;une tonne de chaque bloc pour retenir la terre.<\/p>\n<p>[\/vc_column_text][vc_column_text css_animation=\u00a0\u00bbleft-to-right\u00a0\u00bb css=\u00a0\u00bb.vc_custom_1486652610112{margin-top: 25px !important;margin-right: -15px !important;margin-bottom: 0px !important;margin-left: -15px !important;border-bottom-width: 1px !important;padding-top: 0px !important;padding-bottom: 5px !important;padding-left: 20px !important;background-color: #ffffff !important;border-bottom-color: #f6f6f6 !important;border-bottom-style: solid !important;}\u00a0\u00bb]<\/p>\n<p style=\"text-align: left;\"><span style=\"color: #0066cc;\"><i class=\"icon fa fa-check-square\" style=\" font-size:18px!important;  line-height:18px!important; \"><\/i><\/span>\u00a0 \u00a0Plusieurs largeurs de blocs afin d&rsquo;optimiser votre mur.<\/p>\n<p>[\/vc_column_text][vc_column_text css_animation=\u00a0\u00bbleft-to-right\u00a0\u00bb css=\u00a0\u00bb.vc_custom_1486652644300{margin-top: 25px !important;margin-right: -15px !important;margin-bottom: 0px !important;margin-left: -15px !important;border-bottom-width: 1px !important;padding-top: 0px !important;padding-bottom: 5px !important;padding-left: 20px !important;background-color: #ffffff !important;border-bottom-color: #f6f6f6 !important;border-bottom-style: solid !important;}\u00a0\u00bb]<\/p>\n<p style=\"text-align: left;\"><span style=\"color: #0066cc;\"><i class=\"icon fa fa-check-square\" style=\" font-size:18px!important;  line-height:18px!important; \"><\/i><\/span>\u00a0 \u00a0Minimise les travaux d&rsquo;excavation.<\/p>\n<p>[\/vc_column_text][vc_column_text css_animation=\u00a0\u00bbleft-to-right\u00a0\u00bb css=\u00a0\u00bb.vc_custom_1486652678588{margin-top: 25px !important;margin-right: -15px !important;margin-bottom: 0px !important;margin-left: -15px !important;border-bottom-width: 1px !important;padding-top: 0px !important;padding-bottom: 5px !important;padding-left: 20px !important;background-color: #ffffff !important;border-bottom-color: #f6f6f6 !important;border-bottom-style: solid !important;}\u00a0\u00bb]<\/p>\n<p style=\"text-align: left;\"><span style=\"color: #0066cc;\"><i class=\"icon fa fa-check-square\" style=\" font-size:18px!important;  line-height:18px!important; \"><\/i><\/span>\u00a0 \u00a0Diverses options d&rsquo;inclinaison pour permettre des murs plus hauts.<\/p>\n<p>[\/vc_column_text][\/vc_column][vc_column css_animation=\u00a0\u00bbleft-to-right\u00a0\u00bb width=\u00a0\u00bb1\/3&Prime;][vc_row_inner][vc_column_inner css=\u00a0\u00bb.vc_custom_1479508910256{padding-right: 57px !important;padding-left: 57px !important;}\u00a0\u00bb][vc_single_image image=\u00a0\u00bb3449&Prime;][\/vc_column_inner][\/vc_row_inner][vc_column_text css_animation=\u00a0\u00bbleft-to-right\u00a0\u00bb css=\u00a0\u00bb.vc_custom_1486475034090{margin-top: 25px !important;}\u00a0\u00bb]<\/p>\n<h4 style=\"text-align: center;\">Murs Renforc\u00e9s<\/h4>\n<h4 style=\"text-align: center;\">By Redi-Rock<\/h4>\n<p>[\/vc_column_text][vc_column_text css_animation=\u00a0\u00bbleft-to-right\u00a0\u00bb css=\u00a0\u00bb.vc_custom_1486653203098{margin-top: -30px !important;}\u00a0\u00bb]<\/p>\n<p style=\"text-align: center;\">Nos blocs \u00e0 connexion positive comportent une fente verticale au centre de chaque bloc pour permettre l&rsquo;installation des bandes de g\u00e9ogrille.<\/p>\n<p>[\/vc_column_text][vc_column_text css_animation=\u00a0\u00bbleft-to-right\u00a0\u00bb css=\u00a0\u00bb.vc_custom_1486652721774{margin-top: 25px !important;margin-right: -15px !important;margin-bottom: 0px !important;margin-left: -15px !important;border-bottom-width: 1px !important;padding-top: 0px !important;padding-bottom: 5px !important;padding-left: 20px !important;background-color: #ffffff !important;border-bottom-color: #f6f6f6 !important;border-bottom-style: solid !important;}\u00a0\u00bb]<\/p>\n<p style=\"text-align: left;\"><span style=\"color: #0066cc;\"><i class=\"icon fa fa-check-square\" style=\" font-size:18px!important;  line-height:18px!important; \"><\/i><\/span>\u00a0 \u00a0Syst\u00e8me de renforcement anticorrosion int\u00e9gr\u00e9.<\/p>\n<p>[\/vc_column_text][vc_column_text css_animation=\u00a0\u00bbleft-to-right\u00a0\u00bb css=\u00a0\u00bb.vc_custom_1486652796022{margin-top: 25px !important;margin-right: -15px !important;margin-bottom: 0px !important;margin-left: -15px !important;border-bottom-width: 1px !important;padding-top: 0px !important;padding-bottom: 5px !important;padding-left: 20px !important;background-color: #ffffff !important;border-bottom-color: #f6f6f6 !important;border-bottom-style: solid !important;}\u00a0\u00bb]<\/p>\n<p style=\"text-align: left;\"><span style=\"color: #0066cc;\"><i class=\"icon fa fa-check-square\" style=\" font-size:18px!important;  line-height:18px!important; \"><\/i><\/span>\u00a0 \u00a0Augmente la hauteur des murs gr\u00e2ce au renforcement g\u00e9osynth\u00e9tique.<\/p>\n<p>[\/vc_column_text][vc_column_text css_animation=\u00a0\u00bbleft-to-right\u00a0\u00bb css=\u00a0\u00bb.vc_custom_1486654146239{margin-top: 25px !important;margin-right: -15px !important;margin-bottom: 0px !important;margin-left: -15px !important;border-bottom-width: 1px !important;padding-top: 0px !important;padding-bottom: 5px !important;padding-left: 20px !important;background-color: #ffffff !important;border-bottom-color: #f6f6f6 !important;border-bottom-style: solid !important;}\u00a0\u00bb]<\/p>\n<p style=\"text-align: left;\"><span style=\"color: #0066cc;\"><i class=\"icon fa fa-check-square\" style=\" font-size:18px!important;  line-height:18px!important; \"><\/i><\/span>\u00a0 \u00a0Performances antisismiques sup\u00e9rieurs.<\/p>\n<p>[\/vc_column_text][\/vc_column][vc_column css_animation=\u00a0\u00bbright-to-left\u00a0\u00bb width=\u00a0\u00bb1\/3&Prime;][vc_row_inner][vc_column_inner css=\u00a0\u00bb.vc_custom_1479508910256{padding-right: 57px !important;padding-left: 57px !important;}\u00a0\u00bb][vc_single_image image=\u00a0\u00bb3452&Prime;][\/vc_column_inner][\/vc_row_inner][vc_column_text css_animation=\u00a0\u00bbright-to-left\u00a0\u00bb css=\u00a0\u00bb.vc_custom_1486476635821{margin-top: 25px !important;}\u00a0\u00bb]<\/p>\n<h4 style=\"text-align: center;\">Blocs<\/h4>\n<h4 style=\"text-align: center;\">de B\u00e9ton<\/h4>\n<p>[\/vc_column_text][vc_column_text css_animation=\u00a0\u00bbright-to-left\u00a0\u00bb css=\u00a0\u00bb.vc_custom_1486653375295{margin-top: -30px !important;}\u00a0\u00bb]<\/p>\n<p style=\"text-align: center;\">Nos blocs de b\u00e9ton cr\u00e9ent un syst\u00e8me de pile repositionnable stable, id\u00e9al pour les structures temporaires et les constructions permanentes.<\/p>\n<p>[\/vc_column_text][vc_column_text css_animation=\u00a0\u00bbleft-to-right\u00a0\u00bb css=\u00a0\u00bb.vc_custom_1486653491265{margin-top: 25px !important;margin-right: -15px !important;margin-bottom: 0px !important;margin-left: -15px !important;border-bottom-width: 1px !important;padding-top: 0px !important;padding-bottom: 5px !important;padding-left: 20px !important;background-color: #ffffff !important;border-bottom-color: #f6f6f6 !important;border-bottom-style: solid !important;}\u00a0\u00bb]<\/p>\n<p style=\"text-align: left;\"><span style=\"color: #0066cc;\"><i class=\"icon fa fa-check-square\" style=\" font-size:18px!important;  line-height:18px!important; \"><\/i><\/span>\u00a0 \u00a0Plusieurs tailles pour optimiser vos murs.<\/p>\n<p>[\/vc_column_text][vc_column_text css_animation=\u00a0\u00bbleft-to-right\u00a0\u00bb css=\u00a0\u00bb.vc_custom_1486653542659{margin-top: 25px !important;margin-right: -15px !important;margin-bottom: 0px !important;margin-left: -15px !important;border-bottom-width: 1px !important;padding-top: 0px !important;padding-bottom: 5px !important;padding-left: 20px !important;background-color: #ffffff !important;border-bottom-color: #f6f6f6 !important;border-bottom-style: solid !important;}\u00a0\u00bb]<\/p>\n<p style=\"text-align: left;\"><span style=\"color: #0066cc;\"><i class=\"icon fa fa-check-square\" style=\" font-size:18px!important;  line-height:18px!important; \"><\/i><\/span>\u00a0 \u00a0Une r\u00e9versibilit\u00e9 permise par l&rsquo;absence de ciment.<\/p>\n<p>[\/vc_column_text][vc_column_text css_animation=\u00a0\u00bbleft-to-right\u00a0\u00bb css=\u00a0\u00bb.vc_custom_1486653577549{margin-top: 25px !important;margin-right: -15px !important;margin-bottom: 0px !important;margin-left: -15px !important;border-bottom-width: 1px !important;padding-top: 0px !important;padding-bottom: 5px !important;padding-left: 20px !important;background-color: #ffffff !important;border-bottom-color: #f6f6f6 !important;border-bottom-style: solid !important;}\u00a0\u00bb]<\/p>\n<p style=\"text-align: left;\"><span style=\"color: #0066cc;\"><i class=\"icon fa fa-check-square\" style=\" font-size:18px!important;  line-height:18px!important; \"><\/i><\/span>\u00a0 \u00a0Une\u00a0baisse des co\u00fbts et du temps de travail.<\/p>\n<p>[\/vc_column_text][\/vc_column][\/vc_row][vc_row full_width=\u00a0\u00bbstretch_row\u00a0\u00bb content_placement=\u00a0\u00bbmiddle\u00a0\u00bb parallax=\u00a0\u00bbcontent-moving\u00a0\u00bb parallax_image=\u00a0\u00bb3354&Prime; css=\u00a0\u00bb.vc_custom_1486477148873{padding-top: 125px !important;padding-bottom: 175px !important;}\u00a0\u00bb][vc_column width=\u00a0\u00bb1\/6&Prime;][\/vc_column][vc_column width=\u00a0\u00bb2\/3&Prime;][vc_column_text css_animation=\u00a0\u00bbleft-to-right\u00a0\u00bb]<\/p>\n<h3 style=\"text-align: center;\"><span style=\"color: #ffffff;\">Vous \u00eates sur\u00a0<span style=\"color: #0066cc;\">le point<\/span>\u00a0de<\/span><br \/>\n<span style=\"color: #ffffff;\">prendre la d\u00e9cision <span style=\"color: #21af91;\"><span style=\"color: #0066cc;\">strat\u00e9gique<\/span>\u00a0<\/span><\/span><span style=\"color: #ffffff;\">qui va<span style=\"color: #0066cc;\"> r\u00e9volutionner<\/span> vos chantiers !<\/span><\/h3>\n<p>[\/vc_column_text][vc_btn title=\u00a0\u00bbTRAVAILLONS ENSEMBLE\u00a0\u00bb style=\u00a0\u00bboutline-custom\u00a0\u00bb outline_custom_color=\u00a0\u00bb#ffffff\u00a0\u00bb outline_custom_hover_background=\u00a0\u00bb#0066cc\u00a0\u00bb outline_custom_hover_text=\u00a0\u00bb#ffffff\u00a0\u00bb shape=\u00a0\u00bbround\u00a0\u00bb align=\u00a0\u00bbcenter\u00a0\u00bb css_animation=\u00a0\u00bbleft-to-right\u00a0\u00bb][\/vc_column][vc_column width=\u00a0\u00bb1\/6&Prime;][\/vc_column][\/vc_row][vc_row full_width=\u00a0\u00bbstretch_row\u00a0\u00bb css=\u00a0\u00bb.vc_custom_1479513169091{padding-top: 60px !important;background-color: #f6f6f6 !important;}\u00a0\u00bb][vc_column width=\u00a0\u00bb1\/6&Prime;][\/vc_column][vc_column width=\u00a0\u00bb2\/3&Prime;][vc_column_text css_animation=\u00a0\u00bbleft-to-right\u00a0\u00bb]<\/p>\n<h3 style=\"text-align: center;\">Une Installation Simplissime !<\/h3>\n<p>[\/vc_column_text][\/vc_column][vc_column width=\u00a0\u00bb1\/6&Prime;][\/vc_column][\/vc_row][vc_row][vc_column][vc_video link=\u00a0\u00bbhttps:\/\/fast.wistia.com\/embed\/iframe\/zsp2jfjv05&Prime;][\/vc_column][\/vc_row]<\/p>\n","protected":false},"excerpt":{"rendered":"<p>[vc_row gap=\u00a0\u00bb35&Prime; content_placement=\u00a0\u00bbmiddle\u00a0\u00bb css=\u00a0\u00bb.vc_custom_1479516504115{padding-top: 100px !important;padding-bottom: 65px !important;}\u00a0\u00bb][vc_column css_animation=\u00a0\u00bbleft-to-right\u00a0\u00bb width=\u00a0\u00bb1\/3&Prime;][vc_row_inner][vc_column_inner css=\u00a0\u00bb.vc_custom_1479508910256{padding-right: 57px !important;padding-left: 57px !important;}\u00a0\u00bb][vc_single_image image=\u00a0\u00bb3448&Prime;][\/vc_column_inner][\/vc_row_inner][vc_column_text css_animation=\u00a0\u00bbleft-to-right\u00a0\u00bb css=\u00a0\u00bb.vc_custom_1486475072535{margin-top: 25px !important;}\u00a0\u00bb] Murs Gravitaires By Redi-Rock [\/vc_column_text][vc_column_text css_animation=\u00a0\u00bbleft-to-right\u00a0\u00bb css=\u00a0\u00bb.vc_custom_1486652349678{margin-top: -30px !important;}\u00a0\u00bb] Les blocs immenses d\u00e9pendent compl\u00e8tement de la taille et du poids d&rsquo;une tonne de chaque bloc pour retenir la terre. [\/vc_column_text][vc_column_text css_animation=\u00a0\u00bbleft-to-right\u00a0\u00bb css=\u00a0\u00bb.vc_custom_1486652610112{margin-top: 25px !important;margin-right: -15px [&hellip;]<\/p>\n","protected":false},"author":1,"featured_media":3376,"parent":0,"menu_order":0,"comment_status":"closed","ping_status":"closed","template":"","meta":{"_exactmetrics_skip_tracking":false,"_exactmetrics_sitenote_active":false,"_exactmetrics_sitenote_note":"","_exactmetrics_sitenote_category":0,"footnotes":""},"_links":{"self":[{"href":"https:\/\/al-rock.fr\/index.php\/wp-json\/wp\/v2\/pages\/741"}],"collection":[{"href":"https:\/\/al-rock.fr\/index.php\/wp-json\/wp\/v2\/pages"}],"about":[{"href":"https:\/\/al-rock.fr\/index.php\/wp-json\/wp\/v2\/types\/page"}],"author":[{"embeddable":true,"href":"https:\/\/al-rock.fr\/index.php\/wp-json\/wp\/v2\/users\/1"}],"replies":[{"embeddable":true,"href":"https:\/\/al-rock.fr\/index.php\/wp-json\/wp\/v2\/comments?post=741"}],"version-history":[{"count":6,"href":"https:\/\/al-rock.fr\/index.php\/wp-json\/wp\/v2\/pages\/741\/revisions"}],"predecessor-version":[{"id":3444,"href":"https:\/\/al-rock.fr\/index.php\/wp-json\/wp\/v2\/pages\/741\/revisions\/3444"}],"wp:featuredmedia":[{"embeddable":true,"href":"https:\/\/al-rock.fr\/index.php\/wp-json\/wp\/v2\/media\/3376"}],"wp:attachment":[{"href":"https:\/\/al-rock.fr\/index.php\/wp-json\/wp\/v2\/media?parent=741"}],"curies":[{"name":"wp","href":"https:\/\/api.w.org\/{rel}","templated":true}]}}